{"id":810,"date":"2023-11-13T22:49:10","date_gmt":"2023-11-13T22:49:10","guid":{"rendered":"https:\/\/ontarionewfarmer.ca\/trouver-des-terres-agricoles\/"},"modified":"2026-01-27T00:11:01","modified_gmt":"2026-01-27T00:11:01","slug":"trouver-des-terres-agricoles","status":"publish","type":"page","link":"https:\/\/ontarionewfarmer.ca\/fr\/trouver-des-terres-agricoles\/","title":{"rendered":"Trouver des terres agricoles"},"content":{"rendered":"\t\t<div data-elementor-type=\"wp-page\" data-elementor-id=\"810\" class=\"elementor elementor-810 elementor-262\" data-elementor-post-type=\"page\">\n\t\t\t\t\t\t<section data-particle_enable=\"false\" data-particle-mobile-disabled=\"false\" class=\"elementor-section elementor-top-section elementor-element elementor-element-d0a60e9 elementor-section-full_width elementor-section-height-default elementor-section-height-default\" data-id=\"d0a60e9\" data-element_type=\"section\" data-e-type=\"section\" data-settings=\"{&quot;background_background&quot;:&quot;classic&quot;}\">\n\t\t\t\t\t\t<div class=\"elementor-container elementor-column-gap-no\">\n\t\t\t\t\t<div class=\"elementor-column elementor-col-100 elementor-top-column elementor-element elementor-element-ceefd51\" data-id=\"ceefd51\" data-element_type=\"column\" data-e-type=\"column\">\n\t\t\t<div class=\"elementor-widget-wrap elementor-element-populated\">\n\t\t\t\t\t\t<section data-particle_enable=\"false\" data-particle-mobile-disabled=\"false\" class=\"elementor-section elementor-inner-section elementor-element elementor-element-df212df elementor-section-full_width elementor-section-height-default elementor-section-height-default\" data-id=\"df212df\" data-element_type=\"section\" data-e-type=\"section\">\n\t\t\t\t\t\t<div class=\"elementor-container elementor-column-gap-no\">\n\t\t\t\t\t<div class=\"elementor-column elementor-col-50 elementor-inner-column elementor-element elementor-element-1a84b21\" data-id=\"1a84b21\" data-element_type=\"column\" data-e-type=\"column\" data-settings=\"{&quot;background_background&quot;:&quot;classic&quot;}\">\n\t\t\t<div class=\"elementor-widget-wrap elementor-element-populated\">\n\t\t\t\t\t\t<div class=\"elementor-element elementor-element-ba2428f elementor-invisible elementor-widget elementor-widget-heading\" data-id=\"ba2428f\" data-element_type=\"widget\" data-e-type=\"widget\" data-settings=\"{&quot;_animation&quot;:&quot;fadeInLeft&quot;}\" data-widget_type=\"heading.default\">\n\t\t\t\t<div class=\"elementor-widget-container\">\n\t\t\t\t\t<h1 class=\"elementor-heading-title elementor-size-default\">Trouver des terres agricoles<\/h1>\t\t\t\t<\/div>\n\t\t\t\t<\/div>\n\t\t\t\t\t<\/div>\n\t\t<\/div>\n\t\t\t\t<div class=\"elementor-column elementor-col-50 elementor-inner-column elementor-element elementor-element-5b33f95\" data-id=\"5b33f95\" data-element_type=\"column\" data-e-type=\"column\">\n\t\t\t<div class=\"elementor-widget-wrap\">\n\t\t\t\t\t\t\t<\/div>\n\t\t<\/div>\n\t\t\t\t\t<\/div>\n\t\t<\/section>\n\t\t\t\t\t<\/div>\n\t\t<\/div>\n\t\t\t\t\t<\/div>\n\t\t<\/section>\n\t\t<div data-particle_enable=\"false\" data-particle-mobile-disabled=\"false\" class=\"elementor-element elementor-element-89ac5ac e-flex e-con-boxed e-con e-parent\" data-id=\"89ac5ac\" data-element_type=\"container\" data-e-type=\"container\" data-settings=\"{&quot;background_background&quot;:&quot;classic&quot;}\">\n\t\t\t\t\t<div class=\"e-con-inner\">\n\t\t<div data-particle_enable=\"false\" data-particle-mobile-disabled=\"false\" class=\"elementor-element elementor-element-9154759 e-con-full e-flex e-con e-child\" data-id=\"9154759\" data-element_type=\"container\" data-e-type=\"container\">\n\t\t\t\t<div class=\"elementor-element elementor-element-eaf8932 elementor-widget elementor-widget-spacer\" data-id=\"eaf8932\" data-element_type=\"widget\" data-e-type=\"widget\" data-widget_type=\"spacer.default\">\n\t\t\t\t<div class=\"elementor-widget-container\">\n\t\t\t\t\t\t\t<div class=\"elementor-spacer\">\n\t\t\t<div class=\"elementor-spacer-inner\"><\/div>\n\t\t<\/div>\n\t\t\t\t\t\t<\/div>\n\t\t\t\t<\/div>\n\t\t\t\t<div class=\"elementor-element elementor-element-ed95d59 elementor-widget elementor-widget-heading\" data-id=\"ed95d59\" data-element_type=\"widget\" data-e-type=\"widget\" data-widget_type=\"heading.default\">\n\t\t\t\t<div class=\"elementor-widget-container\">\n\t\t\t\t\t<h2 class=\"elementor-heading-title elementor-size-default\">Provinciale<\/h2>\t\t\t\t<\/div>\n\t\t\t\t<\/div>\n\t\t\t\t<div class=\"elementor-element elementor-element-875eb2b elementor-widget elementor-widget-text-editor\" data-id=\"875eb2b\" data-element_type=\"widget\" data-e-type=\"widget\" data-widget_type=\"text-editor.default\">\n\t\t\t\t<div class=\"elementor-widget-container\">\n\t\t\t\t\t\t\t\t\t<div><strong>Si vous :<\/strong><\/div><div> <\/div><div>&#8211; vous avez des terres rurales ou urbaines \u00e0 cultiver<br>&#8211; vous \u00eates un agriculteur qui cherche \u00e0 louer des terres ou \u00e0 cr\u00e9er une relation d&rsquo;affaires avec un propri\u00e9taire de terres agricoles, par exemple dans le cadre d&rsquo;un partage des b\u00e9n\u00e9fices, d&rsquo;une succession ou d&rsquo;une location avec option d&rsquo;achat, ou<br>&#8211; vous cherchez des ressources sur la propri\u00e9t\u00e9 ou l&rsquo;acc\u00e8s \u00e0 des terres agricoles en Ontario.<\/div><div> <\/div><div>V\u00e9rifiez :<\/div>\t\t\t\t\t\t\t\t<\/div>\n\t\t\t\t<\/div>\n\t\t\t\t<div class=\"elementor-element elementor-element-451fa93 elementor-widget elementor-widget-image\" data-id=\"451fa93\" data-element_type=\"widget\" data-e-type=\"widget\" data-widget_type=\"image.default\">\n\t\t\t\t<div class=\"elementor-widget-container\">\n\t\t\t\t\t\t\t\t\t\t\t\t\t\t\t\t<a href=\"https:\/\/findfarmland.ca\/\" target=\"_blank\">\n\t\t\t\t\t\t\t<img fetchpriority=\"high\" decoding=\"async\" width=\"300\" height=\"300\" src=\"https:\/\/ontarionewfarmer.ca\/wp-content\/uploads\/2026\/01\/FFL-Colour.png-300x300.png\" class=\"attachment-medium size-medium wp-image-1052\" alt=\"\" srcset=\"https:\/\/ontarionewfarmer.ca\/wp-content\/uploads\/2026\/01\/FFL-Colour.png-300x300.png 300w, https:\/\/ontarionewfarmer.ca\/wp-content\/uploads\/2026\/01\/FFL-Colour.png-150x150.png 150w, https:\/\/ontarionewfarmer.ca\/wp-content\/uploads\/2026\/01\/FFL-Colour.png.png 500w\" sizes=\"(max-width: 300px) 100vw, 300px\" \/>\t\t\t\t\t\t\t\t<\/a>\n\t\t\t\t\t\t\t\t\t\t\t\t\t\t\t<\/div>\n\t\t\t\t<\/div>\n\t\t\t\t<div class=\"elementor-element elementor-element-6090516 elementor-widget elementor-widget-text-editor\" data-id=\"6090516\" data-element_type=\"widget\" data-e-type=\"widget\" data-widget_type=\"text-editor.default\">\n\t\t\t\t<div class=\"elementor-widget-container\">\n\t\t\t\t\t\t\t\t\t<p>Consultez cette ressource d&rsquo;avril 2025 :<br><a href=\"https:\/\/findfarmland.ca\/sites\/default\/files\/2025-08\/MakingGoodFarmlandAgreements.pdf\"><img decoding=\"async\" class=\"alignnone size-medium wp-image-900\" src=\"https:\/\/ontarionewfarmer.ca\/wp-content\/uploads\/2026\/01\/making-good-farmland-agreements-226x300.jpg\" alt=\"FarmsAtWork - conclure de bons accords sur les terres agricoles\" width=\"226\" height=\"300\" srcset=\"https:\/\/ontarionewfarmer.ca\/wp-content\/uploads\/2026\/01\/making-good-farmland-agreements-226x300.jpg 226w, https:\/\/ontarionewfarmer.ca\/wp-content\/uploads\/2026\/01\/making-good-farmland-agreements.jpg 753w\" sizes=\"(max-width: 226px) 100vw, 226px\" \/><\/a><\/p>\t\t\t\t\t\t\t\t<\/div>\n\t\t\t\t<\/div>\n\t\t\t\t<\/div>\n\t\t<div data-particle_enable=\"false\" data-particle-mobile-disabled=\"false\" class=\"elementor-element elementor-element-5ec6e41 e-con-full e-flex e-con e-child\" data-id=\"5ec6e41\" data-element_type=\"container\" data-e-type=\"container\">\n\t\t\t\t<div class=\"elementor-element elementor-element-afef2b7 elementor-widget elementor-widget-spacer\" data-id=\"afef2b7\" data-element_type=\"widget\" data-e-type=\"widget\" data-widget_type=\"spacer.default\">\n\t\t\t\t<div class=\"elementor-widget-container\">\n\t\t\t\t\t\t\t<div class=\"elementor-spacer\">\n\t\t\t<div class=\"elementor-spacer-inner\"><\/div>\n\t\t<\/div>\n\t\t\t\t\t\t<\/div>\n\t\t\t\t<\/div>\n\t\t\t\t<div class=\"elementor-element elementor-element-62dced3 elementor-widget elementor-widget-image\" data-id=\"62dced3\" data-element_type=\"widget\" data-e-type=\"widget\" data-widget_type=\"image.default\">\n\t\t\t\t<div class=\"elementor-widget-container\">\n\t\t\t\t\t\t\t\t\t\t\t\t\t\t\t<img decoding=\"async\" width=\"800\" height=\"800\" src=\"https:\/\/ontarionewfarmer.ca\/wp-content\/uploads\/2023\/11\/farmers-1-1024x1024.jpg\" class=\"attachment-large size-large wp-image-738\" alt=\"Agriculteurs - panier de l\u00e9gumes\" srcset=\"https:\/\/ontarionewfarmer.ca\/wp-content\/uploads\/2023\/11\/farmers-1-1024x1024.jpg 1024w, https:\/\/ontarionewfarmer.ca\/wp-content\/uploads\/2023\/11\/farmers-1-300x300.jpg 300w, https:\/\/ontarionewfarmer.ca\/wp-content\/uploads\/2023\/11\/farmers-1-150x150.jpg 150w, https:\/\/ontarionewfarmer.ca\/wp-content\/uploads\/2023\/11\/farmers-1-768x768.jpg 768w, https:\/\/ontarionewfarmer.ca\/wp-content\/uploads\/2023\/11\/farmers-1.jpg 1080w\" sizes=\"(max-width: 800px) 100vw, 800px\" \/>\t\t\t\t\t\t\t\t\t\t\t\t\t\t\t<\/div>\n\t\t\t\t<\/div>\n\t\t\t\t<\/div>\n\t\t\t\t\t<\/div>\n\t\t\t\t<\/div>\n\t\t<div data-particle_enable=\"false\" data-particle-mobile-disabled=\"false\" class=\"elementor-element elementor-element-0eeeecd e-flex e-con-boxed e-con e-parent\" data-id=\"0eeeecd\" data-element_type=\"container\" data-e-type=\"container\">\n\t\t\t\t\t<div class=\"e-con-inner\">\n\t\t\t\t<div class=\"elementor-element elementor-element-9e4beda elementor-widget elementor-widget-spacer\" data-id=\"9e4beda\" data-element_type=\"widget\" data-e-type=\"widget\" data-widget_type=\"spacer.default\">\n\t\t\t\t<div class=\"elementor-widget-container\">\n\t\t\t\t\t\t\t<div class=\"elementor-spacer\">\n\t\t\t<div class=\"elementor-spacer-inner\"><\/div>\n\t\t<\/div>\n\t\t\t\t\t\t<\/div>\n\t\t\t\t<\/div>\n\t\t\t\t<div class=\"elementor-element elementor-element-19ce6fb elementor-widget elementor-widget-heading\" data-id=\"19ce6fb\" data-element_type=\"widget\" data-e-type=\"widget\" data-widget_type=\"heading.default\">\n\t\t\t\t<div class=\"elementor-widget-container\">\n\t\t\t\t\t<h2 class=\"elementor-heading-title elementor-size-default\">R\u00e9gionale<\/h2>\t\t\t\t<\/div>\n\t\t\t\t<\/div>\n\t\t\t\t<div class=\"elementor-element elementor-element-39d52c4 elementor-widget elementor-widget-text-editor\" data-id=\"39d52c4\" data-element_type=\"widget\" data-e-type=\"widget\" data-widget_type=\"text-editor.default\">\n\t\t\t\t<div class=\"elementor-widget-container\">\n\t\t\t\t\t\t\t\t\t<p>R\u00e9gion d&rsquo;Ottawa :<\/p><p><a href=\"https:\/\/justfood.ca\"><strong>Alimentation Juste<\/strong><\/a> propose les \u00e9l\u00e9ments suivants pour soutenir l&rsquo;acc\u00e8s \u00e0 la terre :<\/p><ul><li>Ateliers pour les propri\u00e9taires fonciers et les demandeurs de terres sur les contrats de location<\/li><li>Aide \u00e0 la n\u00e9gociation des baux et autre assistance technique<\/li><li>New Roots &#8211; Soutien aux agriculteurs n\u00e9o-canadiens \u00e0 la recherche de terres<\/li><li>Soutien \u00e0 l&rsquo;acc\u00e8s aux terres g\u00e9r\u00e9es par les institutions publiques<\/li><li>Nouveau programme de mentorat pour les nouveaux agriculteurs avec des agriculteurs \u00e9tablis<\/li><li>Travail sur la politique de gestion et de pr\u00e9servation des terres agricoles<\/li><li>Contactez <a href=\"mailto:farm@justfood.ca\"><span style=\"font-weight: 400;\">farm@justfood.ca<\/span><\/a> pour plus d&rsquo;informations<\/li><\/ul>\t\t\t\t\t\t\t\t<\/div>\n\t\t\t\t<\/div>\n\t\t\t\t\t<\/div>\n\t\t\t\t<\/div>\n\t\t<div data-particle_enable=\"false\" data-particle-mobile-disabled=\"false\" class=\"elementor-element elementor-element-ad4ee2b e-flex e-con-boxed e-con e-parent\" data-id=\"ad4ee2b\" data-element_type=\"container\" data-e-type=\"container\">\n\t\t\t\t\t<div class=\"e-con-inner\">\n\t\t\t\t<div class=\"elementor-element elementor-element-5db3edb elementor-widget elementor-widget-spacer\" data-id=\"5db3edb\" data-element_type=\"widget\" data-e-type=\"widget\" data-widget_type=\"spacer.default\">\n\t\t\t\t<div class=\"elementor-widget-container\">\n\t\t\t\t\t\t\t<div class=\"elementor-spacer\">\n\t\t\t<div class=\"elementor-spacer-inner\"><\/div>\n\t\t<\/div>\n\t\t\t\t\t\t<\/div>\n\t\t\t\t<\/div>\n\t\t\t\t\t<\/div>\n\t\t\t\t<\/div>\n\t\t\t\t<\/div>\n\t\t","protected":false},"excerpt":{"rendered":"<p>Trouver des terres agricoles Provinciale Si vous : &#8211; vous avez des terres rurales ou urbaines \u00e0 cultiver&#8211; vous \u00eates un agriculteur qui cherche \u00e0 louer des terres ou \u00e0 cr\u00e9er une relation d&rsquo;affaires avec un propri\u00e9taire de terres agricoles, par exemple dans le cadre d&rsquo;un partage des b\u00e9n\u00e9fices, d&rsquo;une succession ou d&rsquo;une location avec [&hellip;]<\/p>\n","protected":false},"author":1,"featured_media":0,"parent":0,"menu_order":0,"comment_status":"closed","ping_status":"closed","template":"","meta":{"footnotes":""},"class_list":["post-810","page","type-page","status-publish","hentry"],"_links":{"self":[{"href":"https:\/\/ontarionewfarmer.ca\/fr\/wp-json\/wp\/v2\/pages\/810","targetHints":{"allow":["GET"]}}],"collection":[{"href":"https:\/\/ontarionewfarmer.ca\/fr\/wp-json\/wp\/v2\/pages"}],"about":[{"href":"https:\/\/ontarionewfarmer.ca\/fr\/wp-json\/wp\/v2\/types\/page"}],"author":[{"embeddable":true,"href":"https:\/\/ontarionewfarmer.ca\/fr\/wp-json\/wp\/v2\/users\/1"}],"replies":[{"embeddable":true,"href":"https:\/\/ontarionewfarmer.ca\/fr\/wp-json\/wp\/v2\/comments?post=810"}],"version-history":[{"count":5,"href":"https:\/\/ontarionewfarmer.ca\/fr\/wp-json\/wp\/v2\/pages\/810\/revisions"}],"predecessor-version":[{"id":1064,"href":"https:\/\/ontarionewfarmer.ca\/fr\/wp-json\/wp\/v2\/pages\/810\/revisions\/1064"}],"wp:attachment":[{"href":"https:\/\/ontarionewfarmer.ca\/fr\/wp-json\/wp\/v2\/media?parent=810"}],"curies":[{"name":"wp","href":"https:\/\/api.w.org\/{rel}","templated":true}]}}