{"id":812,"date":"2023-11-13T23:14:50","date_gmt":"2023-11-13T23:14:50","guid":{"rendered":"https:\/\/ontarionewfarmer.ca\/financement\/"},"modified":"2026-01-21T03:20:43","modified_gmt":"2026-01-21T03:20:43","slug":"financement","status":"publish","type":"page","link":"https:\/\/ontarionewfarmer.ca\/fr\/financement\/","title":{"rendered":"Financement"},"content":{"rendered":"\t\t<div data-elementor-type=\"wp-page\" data-elementor-id=\"812\" class=\"elementor elementor-812 elementor-297\" data-elementor-post-type=\"page\">\n\t\t\t\t\t\t<section data-particle_enable=\"false\" data-particle-mobile-disabled=\"false\" class=\"elementor-section elementor-top-section elementor-element elementor-element-732eb5e elementor-section-full_width elementor-section-height-default elementor-section-height-default\" data-id=\"732eb5e\" data-element_type=\"section\" data-e-type=\"section\" data-settings=\"{&quot;background_background&quot;:&quot;classic&quot;}\">\n\t\t\t\t\t\t<div class=\"elementor-container elementor-column-gap-no\">\n\t\t\t\t\t<div class=\"elementor-column elementor-col-100 elementor-top-column elementor-element elementor-element-2ca3e95\" data-id=\"2ca3e95\" data-element_type=\"column\" data-e-type=\"column\">\n\t\t\t<div class=\"elementor-widget-wrap elementor-element-populated\">\n\t\t\t\t\t\t<section data-particle_enable=\"false\" data-particle-mobile-disabled=\"false\" class=\"elementor-section elementor-inner-section elementor-element elementor-element-9d70bef elementor-section-full_width elementor-section-height-default elementor-section-height-default\" data-id=\"9d70bef\" data-element_type=\"section\" data-e-type=\"section\">\n\t\t\t\t\t\t<div class=\"elementor-container elementor-column-gap-no\">\n\t\t\t\t\t<div class=\"elementor-column elementor-col-50 elementor-inner-column elementor-element elementor-element-306551c\" data-id=\"306551c\" data-element_type=\"column\" data-e-type=\"column\" data-settings=\"{&quot;background_background&quot;:&quot;classic&quot;}\">\n\t\t\t<div class=\"elementor-widget-wrap elementor-element-populated\">\n\t\t\t\t\t\t<div class=\"elementor-element elementor-element-45e7f1d elementor-invisible elementor-widget elementor-widget-heading\" data-id=\"45e7f1d\" data-element_type=\"widget\" data-e-type=\"widget\" data-settings=\"{&quot;_animation&quot;:&quot;fadeInLeft&quot;}\" data-widget_type=\"heading.default\">\n\t\t\t\t<div class=\"elementor-widget-container\">\n\t\t\t\t\t<h1 class=\"elementor-heading-title elementor-size-default\">Financement<\/h1>\t\t\t\t<\/div>\n\t\t\t\t<\/div>\n\t\t\t\t\t<\/div>\n\t\t<\/div>\n\t\t\t\t<div class=\"elementor-column elementor-col-50 elementor-inner-column elementor-element elementor-element-ef66bd7\" data-id=\"ef66bd7\" data-element_type=\"column\" data-e-type=\"column\">\n\t\t\t<div class=\"elementor-widget-wrap\">\n\t\t\t\t\t\t\t<\/div>\n\t\t<\/div>\n\t\t\t\t\t<\/div>\n\t\t<\/section>\n\t\t\t\t\t<\/div>\n\t\t<\/div>\n\t\t\t\t\t<\/div>\n\t\t<\/section>\n\t\t<div data-particle_enable=\"false\" data-particle-mobile-disabled=\"false\" class=\"elementor-element elementor-element-4dae288 e-flex e-con-boxed e-con e-parent\" data-id=\"4dae288\" data-element_type=\"container\" data-e-type=\"container\" data-settings=\"{&quot;background_background&quot;:&quot;classic&quot;}\">\n\t\t\t\t\t<div class=\"e-con-inner\">\n\t\t<div data-particle_enable=\"false\" data-particle-mobile-disabled=\"false\" class=\"elementor-element elementor-element-8b9cdd9 e-con-full e-flex e-con e-child\" data-id=\"8b9cdd9\" data-element_type=\"container\" data-e-type=\"container\">\n\t\t\t\t<div class=\"elementor-element elementor-element-b3bb888 elementor-widget elementor-widget-spacer\" data-id=\"b3bb888\" data-element_type=\"widget\" data-e-type=\"widget\" data-widget_type=\"spacer.default\">\n\t\t\t\t<div class=\"elementor-widget-container\">\n\t\t\t\t\t\t\t<div class=\"elementor-spacer\">\n\t\t\t<div class=\"elementor-spacer-inner\"><\/div>\n\t\t<\/div>\n\t\t\t\t\t\t<\/div>\n\t\t\t\t<\/div>\n\t\t\t\t<\/div>\n\t\t<div data-particle_enable=\"false\" data-particle-mobile-disabled=\"false\" class=\"elementor-element elementor-element-a5da560 e-con-full e-flex e-con e-child\" data-id=\"a5da560\" data-element_type=\"container\" data-e-type=\"container\">\n\t\t\t\t<div class=\"elementor-element elementor-element-beee55a elementor-widget elementor-widget-spacer\" data-id=\"beee55a\" data-element_type=\"widget\" data-e-type=\"widget\" data-widget_type=\"spacer.default\">\n\t\t\t\t<div class=\"elementor-widget-container\">\n\t\t\t\t\t\t\t<div class=\"elementor-spacer\">\n\t\t\t<div class=\"elementor-spacer-inner\"><\/div>\n\t\t<\/div>\n\t\t\t\t\t\t<\/div>\n\t\t\t\t<\/div>\n\t\t\t\t<\/div>\n\t\t\t\t\t<\/div>\n\t\t\t\t<\/div>\n\t\t<div data-particle_enable=\"false\" data-particle-mobile-disabled=\"false\" class=\"elementor-element elementor-element-c93b073 e-flex e-con-boxed e-con e-parent\" data-id=\"c93b073\" data-element_type=\"container\" data-e-type=\"container\" data-settings=\"{&quot;background_background&quot;:&quot;classic&quot;}\">\n\t\t\t\t\t<div class=\"e-con-inner\">\n\t\t<div data-particle_enable=\"false\" data-particle-mobile-disabled=\"false\" class=\"elementor-element elementor-element-f8d2e76 e-con-full e-flex e-con e-child\" data-id=\"f8d2e76\" data-element_type=\"container\" data-e-type=\"container\">\n\t\t\t\t<div class=\"elementor-element elementor-element-9b3a205 elementor-widget elementor-widget-text-editor\" data-id=\"9b3a205\" data-element_type=\"widget\" data-e-type=\"widget\" data-widget_type=\"text-editor.default\">\n\t\t\t\t<div class=\"elementor-widget-container\">\n\t\t\t\t\t\t\t\t\t<h1>Financement\/Subventions<\/h1><h3> <\/h3><h3><a href=\"https:\/\/www.tpon.gov.on.ca\/raise\/#\/\" target=\"_blank\" rel=\"noopener\">Programme d&rsquo;aide aux entrepreneurs autochtones et racialis\u00e9s (RAISE)<\/a><\/h3><p>Le programme RAISE (Racialized and Indigenous Supports for Entrepreneurs) est un programme de subvention qui soutient les entrepreneurs autochtones, noirs et d&rsquo;autres groupes raciaux qui vivent et exploitent leur entreprise en Ontario. <strong>Le programme de subvention traite les demandes compl\u00e8tes selon le principe du premier arriv\u00e9, premier servi, jusqu&rsquo;\u00e0 ce que la capacit\u00e9 du programme soit atteinte.<\/strong><\/p><h3><a href=\"http:\/\/www.ontario.ca\/business-and-economy\/start-summer-business-students\">Cr\u00e9ez une entreprise d&rsquo;\u00e9t\u00e9<\/a><\/h3><p>Comment obtenir de l&rsquo;argent pour cr\u00e9er et g\u00e9rer une entreprise d&rsquo;\u00e9t\u00e9 pour les \u00e9tudiants.<\/p><h3><a href=\"https:\/\/www.ontario.ca\/page\/small-business-advice-support-services-regulations\">Petites entreprises : conseils, services de soutien, r\u00e9glementations<\/a><\/h3><p>Si vous d\u00e9marrez, d\u00e9veloppez ou achetez une petite entreprise, demandez une formation, un mentorat et une subvention dans le cadre du programme Starter Company Plus.<\/p><h3><a href=\"https:\/\/www.ontariosoilcrop.org\/cost-share-programs\/\">Programmes de partage des co\u00fbts pour les sols et les cultures de l&rsquo;Ontario<\/a><\/h3><p>L&rsquo;OSCIA offre plusieurs programmes de financement \u00e0 frais partag\u00e9s qui aident les agriculteurs de l&rsquo;Ontario \u00e0 mettre en \u0153uvre les meilleures pratiques de gestion et de durabilit\u00e9 dans leurs exploitations.<\/p>\t\t\t\t\t\t\t\t<\/div>\n\t\t\t\t<\/div>\n\t\t\t\t<\/div>\n\t\t<div data-particle_enable=\"false\" data-particle-mobile-disabled=\"false\" class=\"elementor-element elementor-element-223fa66 e-con-full e-flex e-con e-child\" data-id=\"223fa66\" data-element_type=\"container\" data-e-type=\"container\">\n\t\t\t\t<div class=\"elementor-element elementor-element-ada0ce6 elementor-widget elementor-widget-spacer\" data-id=\"ada0ce6\" data-element_type=\"widget\" data-e-type=\"widget\" data-widget_type=\"spacer.default\">\n\t\t\t\t<div class=\"elementor-widget-container\">\n\t\t\t\t\t\t\t<div class=\"elementor-spacer\">\n\t\t\t<div class=\"elementor-spacer-inner\"><\/div>\n\t\t<\/div>\n\t\t\t\t\t\t<\/div>\n\t\t\t\t<\/div>\n\t\t\t\t<div class=\"elementor-element elementor-element-48df7cf elementor-widget elementor-widget-image\" data-id=\"48df7cf\" data-element_type=\"widget\" data-e-type=\"widget\" data-widget_type=\"image.default\">\n\t\t\t\t<div class=\"elementor-widget-container\">\n\t\t\t\t\t\t\t\t\t\t\t\t\t\t\t<img fetchpriority=\"high\" decoding=\"async\" width=\"800\" height=\"800\" src=\"https:\/\/ontarionewfarmer.ca\/wp-content\/uploads\/2023\/11\/farmers-3-1024x1024.jpg\" class=\"attachment-large size-large wp-image-741\" alt=\"\" srcset=\"https:\/\/ontarionewfarmer.ca\/wp-content\/uploads\/2023\/11\/farmers-3-1024x1024.jpg 1024w, https:\/\/ontarionewfarmer.ca\/wp-content\/uploads\/2023\/11\/farmers-3-300x300.jpg 300w, https:\/\/ontarionewfarmer.ca\/wp-content\/uploads\/2023\/11\/farmers-3-150x150.jpg 150w, https:\/\/ontarionewfarmer.ca\/wp-content\/uploads\/2023\/11\/farmers-3-768x768.jpg 768w, https:\/\/ontarionewfarmer.ca\/wp-content\/uploads\/2023\/11\/farmers-3.jpg 1080w\" sizes=\"(max-width: 800px) 100vw, 800px\" \/>\t\t\t\t\t\t\t\t\t\t\t\t\t\t\t<\/div>\n\t\t\t\t<\/div>\n\t\t\t\t<\/div>\n\t\t\t\t\t<\/div>\n\t\t\t\t<\/div>\n\t\t<div data-particle_enable=\"false\" data-particle-mobile-disabled=\"false\" class=\"elementor-element elementor-element-a96b70f e-flex e-con-boxed e-con e-parent\" data-id=\"a96b70f\" data-element_type=\"container\" data-e-type=\"container\">\n\t\t\t\t\t<div class=\"e-con-inner\">\n\t\t<div data-particle_enable=\"false\" data-particle-mobile-disabled=\"false\" class=\"elementor-element elementor-element-a187a3f e-flex e-con-boxed e-con e-child\" data-id=\"a187a3f\" data-element_type=\"container\" data-e-type=\"container\">\n\t\t\t\t\t<div class=\"e-con-inner\">\n\t\t\t\t<div class=\"elementor-element elementor-element-c0af519 elementor-widget elementor-widget-spacer\" data-id=\"c0af519\" data-element_type=\"widget\" data-e-type=\"widget\" data-widget_type=\"spacer.default\">\n\t\t\t\t<div class=\"elementor-widget-container\">\n\t\t\t\t\t\t\t<div class=\"elementor-spacer\">\n\t\t\t<div class=\"elementor-spacer-inner\"><\/div>\n\t\t<\/div>\n\t\t\t\t\t\t<\/div>\n\t\t\t\t<\/div>\n\t\t\t\t<div class=\"elementor-element elementor-element-05c0995 elementor-widget elementor-widget-text-editor\" data-id=\"05c0995\" data-element_type=\"widget\" data-e-type=\"widget\" data-widget_type=\"text-editor.default\">\n\t\t\t\t<div class=\"elementor-widget-container\">\n\t\t\t\t\t\t\t\t\t<h1>Pr\u00eateurs<\/h1><h3> <\/h3><h3><a href=\"https:\/\/agriculture.canada.ca\/en\/programs\/canadian-agricultural-loans-act\">Loi canadienne sur les pr\u00eats agricoles (LCPA)<\/a><\/h3><p>Le programme de la Loi canadienne sur les pr\u00eats agricoles (LCPA) est un programme de garantie de pr\u00eat con\u00e7u pour accro\u00eetre la disponibilit\u00e9 des pr\u00eats aux agriculteurs et aux coop\u00e9ratives agricoles. Les agriculteurs peuvent utiliser ces pr\u00eats pour cr\u00e9er, am\u00e9liorer et d\u00e9velopper des exploitations agricoles, tandis que les coop\u00e9ratives agricoles peuvent \u00e9galement obtenir des pr\u00eats pour transformer, distribuer ou commercialiser les produits de l&rsquo;agriculture. <\/p><h3><a href=\"https:\/\/www.futurpreneur.ca\/en\/\">Futurpreneur Canada<\/a><\/h3><p>Organisation nationale sans but lucratif qui fournit des outils de financement, de mentorat et de soutien aux futurs chefs d&rsquo;entreprise \u00e2g\u00e9s de 18 \u00e0 39 ans.<\/p><h3><a href=\"https:\/\/communityfuturescanada.ca\/\">Aide au d\u00e9veloppement des collectivit\u00e9s<\/a><\/h3><p>Exploite 267 bureaux \u00e0 but non lucratif \u00e0 travers le Canada qui fournissent des services aux petites entreprises aux personnes vivant dans des communaut\u00e9s rurales et \u00e9loign\u00e9es.<\/p><h3><a href=\"https:\/\/www.fairfinancefund.org\/\">Fonds pour le financement \u00e9quitable<\/a><\/h3><p>Fonds de financement social \u00e0 but non lucratif destin\u00e9 \u00e0 fournir des pr\u00eats et des services de mentorat aux entreprises agricoles et alimentaires locales qui valorisent les syst\u00e8mes alimentaires locaux forts, les \u00e9conomies locales et une plan\u00e8te en bonne sant\u00e9.<\/p><h3><a href=\"https:\/\/www.fcc-fac.ca\/en\/financing\/agriculture\/young-farmers.html\">Pr\u00eat aux jeunes agriculteurs de Financement agricole Canada<\/a><\/h3><p>Si vous \u00eates un producteur qualifi\u00e9 de moins de 40 ans, vous pouvez utiliser le pr\u00eat aux jeunes agriculteurs pour passer \u00e0 l&rsquo;\u00e9tape suivante de votre carri\u00e8re agricole. M\u00eame si vous avez une exp\u00e9rience limit\u00e9e en mati\u00e8re de cr\u00e9dit, vous pouvez, en \u00e9laborant un plan solide, acheter une ferme ou des actifs li\u00e9s \u00e0 l&rsquo;agriculture d&rsquo;une valeur maximale de 1 500 000 $. <\/p><h3><a href=\"http:\/\/indianag.on.ca\/\">Agriculture et finances des Premi\u00e8res nations<\/a><\/h3><p>Offre du financement et du soutien aux entreprises pour aider les agriculteurs des Premi\u00e8res nations \u00e0 prosp\u00e9rer. Que vous soyez un nouvel agriculteur ou un agriculteur \u00e9tabli qui cherche \u00e0 prendre de l&rsquo;expansion, First Nations Ag &amp; Finance offre un assortiment de solutions de financement, d&rsquo;occasions d&rsquo;apprentissage et de soutien aux entreprises pour vous aider \u00e0 b\u00e2tir et \u00e0 faire cro\u00eetre votre entreprise. <\/p><h3><a href=\"http:\/\/www.ic.gc.ca\/eic\/site\/csbfp-pfpec.nsf\/eng\/Home\">Programme de financement des petites entreprises du Canada<\/a><\/h3><p>Ce programme permet aux petites entreprises d&rsquo;obtenir plus facilement des pr\u00eats aupr\u00e8s des institutions financi\u00e8res en partageant le risque avec les pr\u00eateurs. Le programme am\u00e9lior\u00e9 offre aux pr\u00eateurs et aux petites entreprises des produits de financement suppl\u00e9mentaires, de nouvelles cat\u00e9gories de pr\u00eats, des montants et des conditions de pr\u00eat plus \u00e9lev\u00e9s, de meilleures conditions de pr\u00eat et une charge administrative r\u00e9duite. <\/p><h3><a href=\"https:\/\/www.agcreditcorp.ca\/program-accessibility\/new-young-farmers\/\">Soci\u00e9t\u00e9 de cr\u00e9dit agricole<\/a><\/h3><p>Le <a href=\"https:\/\/www.agcreditcorp.ca\/loan-programs\/advance-payments-program-app\/\">programme de paiement anticip\u00e9<\/a> ou le <a href=\"https:\/\/www.agcreditcorp.ca\/loan-programs\/commodity-loan-program-clp\/\">programme de pr\u00eats aux produits de base<\/a> peuvent aider les nouveaux producteurs en facilitant le cr\u00e9dit d&rsquo;exploitation pour r\u00e9pondre aux plans du nouveau producteur.<\/p><h3><a href=\"http:\/\/www.agricorp.com\/en-ca\/Programs\/AgriStability\/Pages\/Overview.aspx\">Agri-stabilit\u00e9<\/a><\/h3><p>Agri-stabilit\u00e9 prot\u00e8ge les producteurs contre les baisses importantes de leurs revenus agricoles dues \u00e0 des pertes de production, \u00e0 une augmentation des co\u00fbts ou aux conditions du march\u00e9. Vos revenus et d\u00e9penses admissibles pour tous les produits que vous produisez sont utilis\u00e9s pour calculer vos marges, prot\u00e9geant ainsi le revenu de l&rsquo;ensemble de votre exploitation.<\/p>\t\t\t\t\t\t\t\t<\/div>\n\t\t\t\t<\/div>\n\t\t\t\t\t<\/div>\n\t\t\t\t<\/div>\n\t\t\t\t\t<\/div>\n\t\t\t\t<\/div>\n\t\t<div data-particle_enable=\"false\" data-particle-mobile-disabled=\"false\" class=\"elementor-element elementor-element-8040d91 e-flex e-con-boxed e-con e-parent\" data-id=\"8040d91\" data-element_type=\"container\" data-e-type=\"container\">\n\t\t\t\t\t<div class=\"e-con-inner\">\n\t\t\t\t<div class=\"elementor-element elementor-element-87ae676 elementor-widget elementor-widget-spacer\" data-id=\"87ae676\" data-element_type=\"widget\" data-e-type=\"widget\" data-widget_type=\"spacer.default\">\n\t\t\t\t<div class=\"elementor-widget-container\">\n\t\t\t\t\t\t\t<div class=\"elementor-spacer\">\n\t\t\t<div class=\"elementor-spacer-inner\"><\/div>\n\t\t<\/div>\n\t\t\t\t\t\t<\/div>\n\t\t\t\t<\/div>\n\t\t\t\t<div class=\"elementor-element elementor-element-82c5ef2 elementor-widget elementor-widget-text-editor\" data-id=\"82c5ef2\" data-element_type=\"widget\" data-e-type=\"widget\" data-widget_type=\"text-editor.default\">\n\t\t\t\t<div class=\"elementor-widget-container\">\n\t\t\t\t\t\t\t\t\t<h1>Planification financi\u00e8re<\/h1><h2>Ressources OMAFRA :<\/h2><h3><a href=\"http:\/\/www.omafra.gov.on.ca\/english\/busdev\/download\/wkbk_ontfarm.htm\">Manuel de comptabilit\u00e9 agricole de l&rsquo;Ontario<\/a><\/h3><p>Le cahier de comptabilit\u00e9 agricole de l&rsquo;Ontario a \u00e9t\u00e9 con\u00e7u en format Excel pour vous aider \u00e0 g\u00e9rer votre entreprise agricole. Il est con\u00e7u pour r\u00e9pondre aux besoins des exploitations agricoles commerciales en mati\u00e8re de tenue de registres.<\/p><h3><a href=\"http:\/\/www.omafra.gov.on.ca\/english\/busdev\/facts\/08-055.htm\">Guide pour l&rsquo;\u00e9tablissement du budget des co\u00fbts de production<\/a><\/h3><p>Apprenez \u00e0 choisir les cultures et le b\u00e9tail \u00e0 produire pour votre exploitation agricole.<\/p><h3><a href=\"https:\/\/www.omafra.gov.on.ca\/english\/busdev\/facts\/progserv.pdf\">Programmes et services pour les agriculteurs de l&rsquo;Ontario<\/a><\/h3><p>R\u00e9sum\u00e9 des programmes et services mis \u00e0 la disposition des agriculteurs, des entreprises et des r\u00e9sidents ruraux de l&rsquo;Ontario par le gouvernement de l&rsquo;Ontario et\/ou le gouvernement canadien.<\/p><h3><a href=\"http:\/\/www.omafra.gov.on.ca\/english\/busdev\/agbusdev.html\">Gestion d&rsquo;entreprise agricole<\/a><\/h3><p>Que vous souhaitiez cr\u00e9er une nouvelle exploitation agricole, apporter des modifications \u00e0 votre exploitation existante ou d\u00e9velopper votre entreprise de transformation des aliments, le minist\u00e8re de l&rsquo;Agriculture, de l&rsquo;Alimentation et des Affaires rurales de l&rsquo;Ontario met \u00e0 votre disposition des outils, des informations et des ressources pour vous aider \u00e0 prendre des d\u00e9cisions d&rsquo;affaires \u00e9clair\u00e9es.<\/p><h2>Ressource de Farm Management Canada :<\/h2><h3><a href=\"https:\/\/fmc-gac.square.site\/product\/farm-financial-records-a-guide-to-managing-for-success\/21\">Registres financiers agricoles : Un guide pour g\u00e9rer le succ\u00e8s<\/a><\/h3><p>Introduction \u00e0 la comptabilit\u00e9 agricole, quel que soit le type de culture ou d&rsquo;\u00e9levage que vous exploitez.<\/p>\t\t\t\t\t\t\t\t<\/div>\n\t\t\t\t<\/div>\n\t\t\t\t\t<\/div>\n\t\t\t\t<\/div>\n\t\t<div data-particle_enable=\"false\" data-particle-mobile-disabled=\"false\" class=\"elementor-element elementor-element-1f2389e e-flex e-con-boxed e-con e-parent\" data-id=\"1f2389e\" data-element_type=\"container\" data-e-type=\"container\">\n\t\t\t\t\t<div class=\"e-con-inner\">\n\t\t\t\t<div class=\"elementor-element elementor-element-cc07edc elementor-widget elementor-widget-spacer\" data-id=\"cc07edc\" data-element_type=\"widget\" data-e-type=\"widget\" data-widget_type=\"spacer.default\">\n\t\t\t\t<div class=\"elementor-widget-container\">\n\t\t\t\t\t\t\t<div class=\"elementor-spacer\">\n\t\t\t<div class=\"elementor-spacer-inner\"><\/div>\n\t\t<\/div>\n\t\t\t\t\t\t<\/div>\n\t\t\t\t<\/div>\n\t\t\t\t\t<\/div>\n\t\t\t\t<\/div>\n\t\t<div data-particle_enable=\"false\" data-particle-mobile-disabled=\"false\" class=\"elementor-element elementor-element-efd1171 e-flex e-con-boxed e-con e-parent\" data-id=\"efd1171\" data-element_type=\"container\" data-e-type=\"container\">\n\t\t\t\t\t<div class=\"e-con-inner\">\n\t\t\t\t<div class=\"elementor-element elementor-element-7525244 elementor-widget elementor-widget-text-editor\" data-id=\"7525244\" data-element_type=\"widget\" data-e-type=\"widget\" data-widget_type=\"text-editor.default\">\n\t\t\t\t<div class=\"elementor-widget-container\">\n\t\t\t\t\t\t\t\t\t<h1>Conseillers professionnels<\/h1><h3><a href=\"https:\/\/omafra.gov.on.ca\/english\/busdev\/farmfamadv-advanced.htm\">Liste des conseillers agricoles du MAAARO<\/a><\/h3><p> <\/p>\t\t\t\t\t\t\t\t<\/div>\n\t\t\t\t<\/div>\n\t\t\t\t\t<\/div>\n\t\t\t\t<\/div>\n\t\t<div data-particle_enable=\"false\" data-particle-mobile-disabled=\"false\" class=\"elementor-element elementor-element-bad4416 e-flex e-con-boxed e-con e-parent\" data-id=\"bad4416\" data-element_type=\"container\" data-e-type=\"container\">\n\t\t\t\t\t<div class=\"e-con-inner\">\n\t\t\t\t<div class=\"elementor-element elementor-element-128b268 elementor-widget elementor-widget-spacer\" data-id=\"128b268\" data-element_type=\"widget\" data-e-type=\"widget\" data-widget_type=\"spacer.default\">\n\t\t\t\t<div class=\"elementor-widget-container\">\n\t\t\t\t\t\t\t<div class=\"elementor-spacer\">\n\t\t\t<div class=\"elementor-spacer-inner\"><\/div>\n\t\t<\/div>\n\t\t\t\t\t\t<\/div>\n\t\t\t\t<\/div>\n\t\t\t\t\t<\/div>\n\t\t\t\t<\/div>\n\t\t\t\t<\/div>\n\t\t","protected":false},"excerpt":{"rendered":"<p>Financement Financement\/Subventions Programme d&rsquo;aide aux entrepreneurs autochtones et racialis\u00e9s (RAISE) Le programme RAISE (Racialized and Indigenous Supports for Entrepreneurs) est un programme de subvention qui soutient les entrepreneurs autochtones, noirs et d&rsquo;autres groupes raciaux qui vivent et exploitent leur entreprise en Ontario. Le programme de subvention traite les demandes compl\u00e8tes selon le principe du premier [&hellip;]<\/p>\n","protected":false},"author":1,"featured_media":0,"parent":0,"menu_order":0,"comment_status":"closed","ping_status":"closed","template":"","meta":{"footnotes":""},"class_list":["post-812","page","type-page","status-publish","hentry"],"_links":{"self":[{"href":"https:\/\/ontarionewfarmer.ca\/fr\/wp-json\/wp\/v2\/pages\/812","targetHints":{"allow":["GET"]}}],"collection":[{"href":"https:\/\/ontarionewfarmer.ca\/fr\/wp-json\/wp\/v2\/pages"}],"about":[{"href":"https:\/\/ontarionewfarmer.ca\/fr\/wp-json\/wp\/v2\/types\/page"}],"author":[{"embeddable":true,"href":"https:\/\/ontarionewfarmer.ca\/fr\/wp-json\/wp\/v2\/users\/1"}],"replies":[{"embeddable":true,"href":"https:\/\/ontarionewfarmer.ca\/fr\/wp-json\/wp\/v2\/comments?post=812"}],"version-history":[{"count":2,"href":"https:\/\/ontarionewfarmer.ca\/fr\/wp-json\/wp\/v2\/pages\/812\/revisions"}],"predecessor-version":[{"id":926,"href":"https:\/\/ontarionewfarmer.ca\/fr\/wp-json\/wp\/v2\/pages\/812\/revisions\/926"}],"wp:attachment":[{"href":"https:\/\/ontarionewfarmer.ca\/fr\/wp-json\/wp\/v2\/media?parent=812"}],"curies":[{"name":"wp","href":"https:\/\/api.w.org\/{rel}","templated":true}]}}