{"id":816,"date":"2023-11-13T23:10:41","date_gmt":"2023-11-13T23:10:41","guid":{"rendered":"https:\/\/ontarionewfarmer.ca\/formation-et-assistance-technique\/"},"modified":"2026-01-27T00:03:34","modified_gmt":"2026-01-27T00:03:34","slug":"formation-et-assistance-technique","status":"publish","type":"page","link":"https:\/\/ontarionewfarmer.ca\/fr\/formation-et-assistance-technique\/","title":{"rendered":"Formation et assistance technique"},"content":{"rendered":"\t\t<div data-elementor-type=\"wp-page\" data-elementor-id=\"816\" class=\"elementor elementor-816 elementor-283\" data-elementor-post-type=\"page\">\n\t\t\t\t\t\t<section data-particle_enable=\"false\" data-particle-mobile-disabled=\"false\" class=\"elementor-section elementor-top-section elementor-element elementor-element-5d776c2 elementor-section-full_width elementor-section-height-default elementor-section-height-default\" data-id=\"5d776c2\" data-element_type=\"section\" data-e-type=\"section\" data-settings=\"{&quot;background_background&quot;:&quot;classic&quot;}\">\n\t\t\t\t\t\t<div class=\"elementor-container elementor-column-gap-no\">\n\t\t\t\t\t<div class=\"elementor-column elementor-col-100 elementor-top-column elementor-element elementor-element-173db5d\" data-id=\"173db5d\" data-element_type=\"column\" data-e-type=\"column\">\n\t\t\t<div class=\"elementor-widget-wrap elementor-element-populated\">\n\t\t\t\t\t\t<section data-particle_enable=\"false\" data-particle-mobile-disabled=\"false\" class=\"elementor-section elementor-inner-section elementor-element elementor-element-8ec4fc5 elementor-section-full_width elementor-section-height-default elementor-section-height-default\" data-id=\"8ec4fc5\" data-element_type=\"section\" data-e-type=\"section\">\n\t\t\t\t\t\t<div class=\"elementor-container elementor-column-gap-no\">\n\t\t\t\t\t<div class=\"elementor-column elementor-col-50 elementor-inner-column elementor-element elementor-element-14fd377\" data-id=\"14fd377\" data-element_type=\"column\" data-e-type=\"column\" data-settings=\"{&quot;background_background&quot;:&quot;classic&quot;}\">\n\t\t\t<div class=\"elementor-widget-wrap elementor-element-populated\">\n\t\t\t\t\t\t<div class=\"elementor-element elementor-element-d21d329 elementor-invisible elementor-widget elementor-widget-heading\" data-id=\"d21d329\" data-element_type=\"widget\" data-e-type=\"widget\" data-settings=\"{&quot;_animation&quot;:&quot;fadeInLeft&quot;}\" data-widget_type=\"heading.default\">\n\t\t\t\t<div class=\"elementor-widget-container\">\n\t\t\t\t\t<h1 class=\"elementor-heading-title elementor-size-default\">Formation et assistance technique<\/h1>\t\t\t\t<\/div>\n\t\t\t\t<\/div>\n\t\t\t\t\t<\/div>\n\t\t<\/div>\n\t\t\t\t<div class=\"elementor-column elementor-col-50 elementor-inner-column elementor-element elementor-element-3cd2335\" data-id=\"3cd2335\" data-element_type=\"column\" data-e-type=\"column\">\n\t\t\t<div class=\"elementor-widget-wrap\">\n\t\t\t\t\t\t\t<\/div>\n\t\t<\/div>\n\t\t\t\t\t<\/div>\n\t\t<\/section>\n\t\t\t\t\t<\/div>\n\t\t<\/div>\n\t\t\t\t\t<\/div>\n\t\t<\/section>\n\t\t<div data-particle_enable=\"false\" data-particle-mobile-disabled=\"false\" class=\"elementor-element elementor-element-0f5cbf7 e-flex e-con-boxed e-con e-parent\" data-id=\"0f5cbf7\" data-element_type=\"container\" data-e-type=\"container\" data-settings=\"{&quot;background_background&quot;:&quot;classic&quot;}\">\n\t\t\t\t\t<div class=\"e-con-inner\">\n\t\t<div data-particle_enable=\"false\" data-particle-mobile-disabled=\"false\" class=\"elementor-element elementor-element-23c1d4a e-con-full e-flex e-con e-child\" data-id=\"23c1d4a\" data-element_type=\"container\" data-e-type=\"container\">\n\t\t\t\t<div class=\"elementor-element elementor-element-e37d2f4 elementor-widget elementor-widget-spacer\" data-id=\"e37d2f4\" data-element_type=\"widget\" data-e-type=\"widget\" data-widget_type=\"spacer.default\">\n\t\t\t\t<div class=\"elementor-widget-container\">\n\t\t\t\t\t\t\t<div class=\"elementor-spacer\">\n\t\t\t<div class=\"elementor-spacer-inner\"><\/div>\n\t\t<\/div>\n\t\t\t\t\t\t<\/div>\n\t\t\t\t<\/div>\n\t\t\t\t<div class=\"elementor-element elementor-element-ff75aa4 elementor-widget elementor-widget-image\" data-id=\"ff75aa4\" data-element_type=\"widget\" data-e-type=\"widget\" data-widget_type=\"image.default\">\n\t\t\t\t<div class=\"elementor-widget-container\">\n\t\t\t\t\t\t\t\t\t\t\t\t\t\t\t<img fetchpriority=\"high\" decoding=\"async\" width=\"800\" height=\"800\" src=\"https:\/\/ontarionewfarmer.ca\/wp-content\/uploads\/2023\/11\/farmers-4-1024x1024.jpg\" class=\"attachment-large size-large wp-image-742\" alt=\"\" srcset=\"https:\/\/ontarionewfarmer.ca\/wp-content\/uploads\/2023\/11\/farmers-4-1024x1024.jpg 1024w, https:\/\/ontarionewfarmer.ca\/wp-content\/uploads\/2023\/11\/farmers-4-300x300.jpg 300w, https:\/\/ontarionewfarmer.ca\/wp-content\/uploads\/2023\/11\/farmers-4-150x150.jpg 150w, https:\/\/ontarionewfarmer.ca\/wp-content\/uploads\/2023\/11\/farmers-4-768x768.jpg 768w, https:\/\/ontarionewfarmer.ca\/wp-content\/uploads\/2023\/11\/farmers-4.jpg 1080w\" sizes=\"(max-width: 800px) 100vw, 800px\" \/>\t\t\t\t\t\t\t\t\t\t\t\t\t\t\t<\/div>\n\t\t\t\t<\/div>\n\t\t\t\t<\/div>\n\t\t<div data-particle_enable=\"false\" data-particle-mobile-disabled=\"false\" class=\"elementor-element elementor-element-15e0e0a e-con-full e-flex e-con e-child\" data-id=\"15e0e0a\" data-element_type=\"container\" data-e-type=\"container\">\n\t\t\t\t<div class=\"elementor-element elementor-element-3314ede elementor-widget elementor-widget-spacer\" data-id=\"3314ede\" data-element_type=\"widget\" data-e-type=\"widget\" data-widget_type=\"spacer.default\">\n\t\t\t\t<div class=\"elementor-widget-container\">\n\t\t\t\t\t\t\t<div class=\"elementor-spacer\">\n\t\t\t<div class=\"elementor-spacer-inner\"><\/div>\n\t\t<\/div>\n\t\t\t\t\t\t<\/div>\n\t\t\t\t<\/div>\n\t\t\t\t<div class=\"elementor-element elementor-element-aa16b96 elementor-widget elementor-widget-heading\" data-id=\"aa16b96\" data-element_type=\"widget\" data-e-type=\"widget\" data-widget_type=\"heading.default\">\n\t\t\t\t<div class=\"elementor-widget-container\">\n\t\t\t\t\t<h2 class=\"elementor-heading-title elementor-size-default\">Programmes r\u00e9gionaux pour les nouveaux agriculteurs :<\/h2>\t\t\t\t<\/div>\n\t\t\t\t<\/div>\n\t\t\t\t<div class=\"elementor-element elementor-element-d9009db elementor-widget elementor-widget-text-editor\" data-id=\"d9009db\" data-element_type=\"widget\" data-e-type=\"widget\" data-widget_type=\"text-editor.default\">\n\t\t\t\t<div class=\"elementor-widget-container\">\n\t\t\t\t\t\t\t\t\t<h4>R\u00e9gion de Peterborough :<\/h4><p>Depuis 2010, <a href=\"https:\/\/farmsatwork.ca\/\">Farms at Work<\/a> propose des ateliers, des visites de fermes, des cours sur le terrain et des ressources en ligne pour les nouveaux agriculteurs du centre-est de l&rsquo;Ontario.  <\/p><h4>R\u00e9gion d&rsquo;Ottawa :<\/h4><p><a href=\"https:\/\/justfood.ca\/\"><span style=\"font-weight: 400;\">Alimentation Juste<\/span><\/a><span style=\"font-weight: 400;\"> propose des formations en ligne et des formations pratiques :<\/span><\/p><p><span style=\"font-weight: 400;\">Programme de d\u00e9marrage d&rsquo;une exploitation agricole ax\u00e9 sur la production et les comp\u00e9tences commerciales (en anglais, fran\u00e7ais, mandarin et arabe), comprenant une formation \u00e0 la culture en serre et une formation \u00e0 l&rsquo;utilisation d&rsquo;un tracteur. <\/span><span style=\"font-weight: 400;\">La ferme communautaire propose \u00e9galement une formation \u00e0 la fermentation, une formation \u00e0 la production de miel et une formation \u00e0 la gestion d&rsquo;une ferme communautaire.<br><\/span><span style=\"font-weight: 400;\">Alimentation Juste propose des cours tout au long de l&rsquo;ann\u00e9e sur une vari\u00e9t\u00e9 de sujets, <\/span><span style=\"font-weight: 400;\">un programme de jumelage agricole pour le mentorat avec des agriculteurs \u00e9tablis, et des conseils sur des questions techniques. <\/span> <\/p><p><span style=\"font-weight: 400;\">Veuillez contacter <\/span><a href=\"mailto:farm@justfood.ca\"><span style=\"font-weight: 400;\">farm@justfood.ca<\/span><\/a><span style=\"font-weight: 400;\"> pour plus d&rsquo;informations.<\/span><\/p><h4>R\u00e9gion de Tiverton :<\/h4><p>La <a href=\"https:\/\/www.inclusiveprosperity.ca\/farmerfieldschool\">ferme Tiverton<\/a>, situ\u00e9e dans le comt\u00e9 de Bruce, en Ontario, accueille l&rsquo;\u00e9cole d&rsquo;agriculture de terrain d&rsquo;Inclusive Prosperity, un programme de formation pratique destin\u00e9 \u00e0 soutenir les agriculteurs m\u00e9ritants. Le programme combine l&rsquo;apprentissage sur le terrain de la production v\u00e9g\u00e9tale, de l&rsquo;apiculture et du soin du b\u00e9tail avec des comp\u00e9tences commerciales pratiques telles que la gestion agricole et la planification financi\u00e8re. Gr\u00e2ce \u00e0 un m\u00e9lange de formation en personne, d&rsquo;apprentissage virtuel et de mentorat, les participants acqui\u00e8rent les comp\u00e9tences, la confiance et les relations n\u00e9cessaires pour lancer ou renforcer des entreprises agricoles durables enracin\u00e9es dans la communaut\u00e9 et l&rsquo;inclusion.  <\/p>\t\t\t\t\t\t\t\t<\/div>\n\t\t\t\t<\/div>\n\t\t\t\t<\/div>\n\t\t\t\t\t<\/div>\n\t\t\t\t<\/div>\n\t\t<div data-particle_enable=\"false\" data-particle-mobile-disabled=\"false\" class=\"elementor-element elementor-element-1b2cc0e e-flex e-con-boxed e-con e-parent\" data-id=\"1b2cc0e\" data-element_type=\"container\" data-e-type=\"container\">\n\t\t\t\t\t<div class=\"e-con-inner\">\n\t\t\t\t<div class=\"elementor-element elementor-element-ea42f36 elementor-widget elementor-widget-spacer\" data-id=\"ea42f36\" data-element_type=\"widget\" data-e-type=\"widget\" data-widget_type=\"spacer.default\">\n\t\t\t\t<div class=\"elementor-widget-container\">\n\t\t\t\t\t\t\t<div class=\"elementor-spacer\">\n\t\t\t<div class=\"elementor-spacer-inner\"><\/div>\n\t\t<\/div>\n\t\t\t\t\t\t<\/div>\n\t\t\t\t<\/div>\n\t\t\t\t<div class=\"elementor-element elementor-element-27a7750 elementor-widget elementor-widget-heading\" data-id=\"27a7750\" data-element_type=\"widget\" data-e-type=\"widget\" data-widget_type=\"heading.default\">\n\t\t\t\t<div class=\"elementor-widget-container\">\n\t\t\t\t\t<h2 class=\"elementor-heading-title elementor-size-default\">Opportunit\u00e9s \u00e9ducatives \u00e0 consulter :<\/h2>\t\t\t\t<\/div>\n\t\t\t\t<\/div>\n\t\t\t\t<div class=\"elementor-element elementor-element-38cde27 elementor-widget elementor-widget-text-editor\" data-id=\"38cde27\" data-element_type=\"widget\" data-e-type=\"widget\" data-widget_type=\"text-editor.default\">\n\t\t\t\t<div class=\"elementor-widget-container\">\n\t\t\t\t\t\t\t\t\t<h4><a href=\"https:\/\/efao.ca\/new-farmer-programs\/\">Programmes des agriculteurs \u00e9cologiques de l&rsquo;Ontario<\/a><\/h4><ul><li style=\"font-weight: 400;\" aria-level=\"1\"><span style=\"font-weight: 400;\">Prochains \u00e9v\u00e9nements de l&rsquo;EPTF : <\/span><a href=\"https:\/\/efao.ca\/events\"><span style=\"font-weight: 400;\">https:\/\/efao.ca\/events<\/span><\/a><\/li><li style=\"font-weight: 400;\" aria-level=\"1\"><span style=\"font-weight: 400;\">Conf\u00e9rence de l&rsquo;EFAO : <\/span><a href=\"http:\/\/conference.efao.ca\/\"><span style=\"font-weight: 400;\">http:\/\/conference.efao.ca\/<\/span><\/a><\/li><li style=\"font-weight: 400;\" aria-level=\"1\"><span style=\"font-weight: 400;\">R\u00e9seau d&rsquo;agriculteurs pour les Noirs, les indig\u00e8nes et les personnes de couleur : <\/span><a href=\"https:\/\/efao.ca\/bipoc-farmer-network\/\"><span style=\"font-weight: 400;\">https:\/\/efao.ca\/bipoc-farmer-network\/<\/span><\/a><\/li><\/ul><h4><a href=\"http:\/\/organiccouncil.ca\">Organic Council of Ontario (Conseil de l&rsquo;agriculture biologique de l&rsquo;Ontario)<\/a><\/h4><ul><li style=\"font-weight: 400;\" aria-level=\"1\"><span style=\"font-weight: 400;\">Conf\u00e9rence de Guelph sur l&rsquo;agriculture biologique : <\/span><a href=\"https:\/\/guelphorganicconf.ca\/\"><span style=\"font-weight: 400;\">https:\/\/guelphorganicconf.ca\/<\/span><\/a><\/li><\/ul><h4><a href=\"http:\/\/ottawa.cog.ca\">Producteurs biologiques canadiens &#8211; OSO<\/a><\/h4><ul><li style=\"font-weight: 400;\" aria-level=\"1\"><span style=\"font-weight: 400;\">Journ\u00e9e de l&rsquo;\u00e9co-ferme &#8211; <a href=\"http:\/\/www.ecofarmday.ca\">http:\/\/www.ecofarmday.ca <\/a> <\/span><\/li><\/ul><h4><a href=\"https:\/\/www.greybrucefarmersweek.ca\/\">Semaine des agriculteurs de Grey Bruce<\/a><\/h4><ul><li><a href=\"https:\/\/www.greybrucefarmersweek.ca\/\"><span style=\"font-weight: 400;\">https:\/\/www.greybrucefarmersweek.ca\/<\/span><\/a><\/li><\/ul>\t\t\t\t\t\t\t\t<\/div>\n\t\t\t\t<\/div>\n\t\t\t\t\t<\/div>\n\t\t\t\t<\/div>\n\t\t<div data-particle_enable=\"false\" data-particle-mobile-disabled=\"false\" class=\"elementor-element elementor-element-d75c139 e-flex e-con-boxed e-con e-parent\" data-id=\"d75c139\" data-element_type=\"container\" data-e-type=\"container\">\n\t\t\t\t\t<div class=\"e-con-inner\">\n\t\t\t\t<div class=\"elementor-element elementor-element-ac592e2 elementor-widget elementor-widget-spacer\" data-id=\"ac592e2\" data-element_type=\"widget\" data-e-type=\"widget\" data-widget_type=\"spacer.default\">\n\t\t\t\t<div class=\"elementor-widget-container\">\n\t\t\t\t\t\t\t<div class=\"elementor-spacer\">\n\t\t\t<div class=\"elementor-spacer-inner\"><\/div>\n\t\t<\/div>\n\t\t\t\t\t\t<\/div>\n\t\t\t\t<\/div>\n\t\t\t\t\t<\/div>\n\t\t\t\t<\/div>\n\t\t\t\t<\/div>\n\t\t","protected":false},"excerpt":{"rendered":"<p>Formation et assistance technique Programmes r\u00e9gionaux pour les nouveaux agriculteurs : R\u00e9gion de Peterborough : Depuis 2010, Farms at Work propose des ateliers, des visites de fermes, des cours sur le terrain et des ressources en ligne pour les nouveaux agriculteurs du centre-est de l&rsquo;Ontario. R\u00e9gion d&rsquo;Ottawa : Alimentation Juste propose des formations en ligne [&hellip;]<\/p>\n","protected":false},"author":1,"featured_media":0,"parent":0,"menu_order":0,"comment_status":"closed","ping_status":"closed","template":"","meta":{"footnotes":""},"class_list":["post-816","page","type-page","status-publish","hentry"],"_links":{"self":[{"href":"https:\/\/ontarionewfarmer.ca\/fr\/wp-json\/wp\/v2\/pages\/816","targetHints":{"allow":["GET"]}}],"collection":[{"href":"https:\/\/ontarionewfarmer.ca\/fr\/wp-json\/wp\/v2\/pages"}],"about":[{"href":"https:\/\/ontarionewfarmer.ca\/fr\/wp-json\/wp\/v2\/types\/page"}],"author":[{"embeddable":true,"href":"https:\/\/ontarionewfarmer.ca\/fr\/wp-json\/wp\/v2\/users\/1"}],"replies":[{"embeddable":true,"href":"https:\/\/ontarionewfarmer.ca\/fr\/wp-json\/wp\/v2\/comments?post=816"}],"version-history":[{"count":4,"href":"https:\/\/ontarionewfarmer.ca\/fr\/wp-json\/wp\/v2\/pages\/816\/revisions"}],"predecessor-version":[{"id":1060,"href":"https:\/\/ontarionewfarmer.ca\/fr\/wp-json\/wp\/v2\/pages\/816\/revisions\/1060"}],"wp:attachment":[{"href":"https:\/\/ontarionewfarmer.ca\/fr\/wp-json\/wp\/v2\/media?parent=816"}],"curies":[{"name":"wp","href":"https:\/\/api.w.org\/{rel}","templated":true}]}}