{"id":931,"date":"2026-01-20T22:50:16","date_gmt":"2026-01-20T22:50:16","guid":{"rendered":"https:\/\/ontarionewfarmer.ca\/comment-demarrer-une-exploitation-agricole\/"},"modified":"2026-01-26T23:55:33","modified_gmt":"2026-01-26T23:55:33","slug":"comment-demarrer-une-exploitation-agricole","status":"publish","type":"page","link":"https:\/\/ontarionewfarmer.ca\/fr\/comment-demarrer-une-exploitation-agricole\/","title":{"rendered":"Comment d\u00e9marrer une exploitation agricole"},"content":{"rendered":"\t\t<div data-elementor-type=\"wp-page\" data-elementor-id=\"931\" class=\"elementor elementor-931 elementor-852\" data-elementor-post-type=\"page\">\n\t\t\t\t\t\t<section data-particle_enable=\"false\" data-particle-mobile-disabled=\"false\" class=\"elementor-section elementor-top-section elementor-element elementor-element-61bb3df elementor-section-full_width elementor-section-height-default elementor-section-height-default\" data-id=\"61bb3df\" data-element_type=\"section\" data-e-type=\"section\" data-settings=\"{&quot;background_background&quot;:&quot;classic&quot;}\">\n\t\t\t\t\t\t<div class=\"elementor-container elementor-column-gap-no\">\n\t\t\t\t\t<div class=\"elementor-column elementor-col-100 elementor-top-column elementor-element elementor-element-b0a8dd3\" data-id=\"b0a8dd3\" data-element_type=\"column\" data-e-type=\"column\">\n\t\t\t<div class=\"elementor-widget-wrap elementor-element-populated\">\n\t\t\t\t\t\t<section data-particle_enable=\"false\" data-particle-mobile-disabled=\"false\" class=\"elementor-section elementor-inner-section elementor-element elementor-element-be4cb0e elementor-section-full_width elementor-section-height-default elementor-section-height-default\" data-id=\"be4cb0e\" data-element_type=\"section\" data-e-type=\"section\">\n\t\t\t\t\t\t<div class=\"elementor-container elementor-column-gap-no\">\n\t\t\t\t\t<div class=\"elementor-column elementor-col-50 elementor-inner-column elementor-element elementor-element-5b8bfe7\" data-id=\"5b8bfe7\" data-element_type=\"column\" data-e-type=\"column\" data-settings=\"{&quot;background_background&quot;:&quot;classic&quot;}\">\n\t\t\t<div class=\"elementor-widget-wrap elementor-element-populated\">\n\t\t\t\t\t\t<div class=\"elementor-element elementor-element-1e1da70 elementor-invisible elementor-widget elementor-widget-heading\" data-id=\"1e1da70\" data-element_type=\"widget\" data-e-type=\"widget\" data-settings=\"{&quot;_animation&quot;:&quot;fadeInLeft&quot;}\" data-widget_type=\"heading.default\">\n\t\t\t\t<div class=\"elementor-widget-container\">\n\t\t\t\t\t<h1 class=\"elementor-heading-title elementor-size-default\">Comment d\u00e9marrer une exploitation agricole<\/h1>\t\t\t\t<\/div>\n\t\t\t\t<\/div>\n\t\t\t\t\t<\/div>\n\t\t<\/div>\n\t\t\t\t<div class=\"elementor-column elementor-col-50 elementor-inner-column elementor-element elementor-element-a6b22cc\" data-id=\"a6b22cc\" data-element_type=\"column\" data-e-type=\"column\">\n\t\t\t<div class=\"elementor-widget-wrap\">\n\t\t\t\t\t\t\t<\/div>\n\t\t<\/div>\n\t\t\t\t\t<\/div>\n\t\t<\/section>\n\t\t\t\t\t<\/div>\n\t\t<\/div>\n\t\t\t\t\t<\/div>\n\t\t<\/section>\n\t\t<div data-particle_enable=\"false\" data-particle-mobile-disabled=\"false\" class=\"elementor-element elementor-element-47f0835 e-flex e-con-boxed e-con e-parent\" data-id=\"47f0835\" data-element_type=\"container\" data-e-type=\"container\" data-settings=\"{&quot;background_background&quot;:&quot;classic&quot;}\">\n\t\t\t\t\t<div class=\"e-con-inner\">\n\t\t<div data-particle_enable=\"false\" data-particle-mobile-disabled=\"false\" class=\"elementor-element elementor-element-46cd83f e-con-full e-flex e-con e-child\" data-id=\"46cd83f\" data-element_type=\"container\" data-e-type=\"container\">\n\t\t\t\t<div class=\"elementor-element elementor-element-33c09af elementor-widget elementor-widget-heading\" data-id=\"33c09af\" data-element_type=\"widget\" data-e-type=\"widget\" data-widget_type=\"heading.default\">\n\t\t\t\t<div class=\"elementor-widget-container\">\n\t\t\t\t\t<h2 class=\"elementor-heading-title elementor-size-default\">Ressources provinciales<\/h2>\t\t\t\t<\/div>\n\t\t\t\t<\/div>\n\t\t\t\t<div class=\"elementor-element elementor-element-2428722 elementor-widget elementor-widget-text-editor\" data-id=\"2428722\" data-element_type=\"widget\" data-e-type=\"widget\" data-widget_type=\"text-editor.default\">\n\t\t\t\t<div class=\"elementor-widget-container\">\n\t\t\t\t\t\t\t\t\t<div><img decoding=\"async\" class=\" wp-image-961 alignleft\" src=\"https:\/\/ontarionewfarmer.ca\/wp-content\/uploads\/2026\/01\/FAW-White-on-Black-300x300.png\" alt=\"\" width=\"177\" height=\"177\" srcset=\"https:\/\/ontarionewfarmer.ca\/wp-content\/uploads\/2026\/01\/FAW-White-on-Black-300x300.png 300w, https:\/\/ontarionewfarmer.ca\/wp-content\/uploads\/2026\/01\/FAW-White-on-Black-150x150.png 150w, https:\/\/ontarionewfarmer.ca\/wp-content\/uploads\/2026\/01\/FAW-White-on-Black.png 500w\" sizes=\"(max-width: 177px) 100vw, 177px\" \/><strong>Extrait de Farms At Work :<\/strong><\/div><h5><a href=\"https:\/\/farmsatwork.ca\/new-farmer\/start-a-farm\/\" target=\"_blank\" rel=\"noopener\">D\u00e9marrage d&rsquo;une entreprise agricole en Ontario<\/a><\/h5><div>D\u00e9marrer une exploitation agricole n&rsquo;est pas une mince affaire : il faut du courage, de l&rsquo;engagement et de la r\u00e9silience. La courbe d&rsquo;apprentissage peut sembler abrupte et les d\u00e9fis sont r\u00e9els. Mais vous n&rsquo;\u00eates pas seul. Dans tout l&rsquo;Ontario, des personnes, des programmes et des organisations travaillent d&rsquo;arrache-pied pour soutenir les nouveaux agriculteurs comme vous, \u00e0 chaque \u00e9tape du processus.<\/div><div><p data-start=\"437\" data-end=\"996\">Farms at Work est l\u00e0 pour vous mettre en contact avec des outils fiables, des informations pratiques et des voix exp\u00e9riment\u00e9es pour vous aider \u00e0 r\u00e9ussir. Que vous soyez \u00e0 la recherche d&rsquo;un terrain, que vous \u00e9laboriez un plan d&rsquo;entreprise, que vous fassiez une demande de financement ou que vous commenciez simplement \u00e0 imaginer votre voie, nous sommes l\u00e0 pour vous aider.<\/p><\/div><div><hr><\/div><div> <\/div><div><img decoding=\"async\" class=\"alignnone size-medium wp-image-962\" src=\"https:\/\/ontarionewfarmer.ca\/wp-content\/uploads\/2026\/01\/OFA_TM_Clear.png-300x99.webp\" alt=\"\" width=\"300\" height=\"99\" srcset=\"https:\/\/ontarionewfarmer.ca\/wp-content\/uploads\/2026\/01\/OFA_TM_Clear.png-300x99.webp 300w, https:\/\/ontarionewfarmer.ca\/wp-content\/uploads\/2026\/01\/OFA_TM_Clear.png.webp 600w\" sizes=\"(max-width: 300px) 100vw, 300px\" \/><\/div><div> <\/div><div><strong>De la F\u00e9d\u00e9ration de l&rsquo;agriculture de l&rsquo;Ontario (OFA) :<\/strong><\/div><h5><a href=\"https:\/\/ofa.on.ca\/starting-and-growing-your-farm\/\" target=\"_blank\" rel=\"noopener\">D\u00e9marrer et d\u00e9velopper votre exploitation<\/a><\/h5><p>Que vous soyez novice en mati\u00e8re d&rsquo;agriculture ou que vous exploriez de nouvelles possibilit\u00e9s, l&rsquo;OFA a rassembl\u00e9 ces ressources pour vous aider \u00e0 d\u00e9marrer et \u00e0 d\u00e9velopper votre entreprise agricole.v<\/p>\t\t\t\t\t\t\t\t<\/div>\n\t\t\t\t<\/div>\n\t\t\t\t<div class=\"elementor-element elementor-element-fe9a400 elementor-widget elementor-widget-spacer\" data-id=\"fe9a400\" data-element_type=\"widget\" data-e-type=\"widget\" data-widget_type=\"spacer.default\">\n\t\t\t\t<div class=\"elementor-widget-container\">\n\t\t\t\t\t\t\t<div class=\"elementor-spacer\">\n\t\t\t<div class=\"elementor-spacer-inner\"><\/div>\n\t\t<\/div>\n\t\t\t\t\t\t<\/div>\n\t\t\t\t<\/div>\n\t\t\t\t<\/div>\n\t\t\t\t<div class=\"elementor-element elementor-element-feee33d elementor-widget elementor-widget-image\" data-id=\"feee33d\" data-element_type=\"widget\" data-e-type=\"widget\" data-widget_type=\"image.default\">\n\t\t\t\t<div class=\"elementor-widget-container\">\n\t\t\t\t\t\t\t\t\t\t\t\t\t\t\t<img fetchpriority=\"high\" decoding=\"async\" width=\"768\" height=\"768\" src=\"https:\/\/ontarionewfarmer.ca\/wp-content\/uploads\/2026\/01\/how-to-start-a-farm-ontario-banner-768x768.jpg\" class=\"attachment-medium_large size-medium_large wp-image-930\" alt=\"D\u00e9marrer une nouvelle exploitation agricole en Ontario\" srcset=\"https:\/\/ontarionewfarmer.ca\/wp-content\/uploads\/2026\/01\/how-to-start-a-farm-ontario-banner-768x768.jpg 768w, https:\/\/ontarionewfarmer.ca\/wp-content\/uploads\/2026\/01\/how-to-start-a-farm-ontario-banner-300x300.jpg 300w, https:\/\/ontarionewfarmer.ca\/wp-content\/uploads\/2026\/01\/how-to-start-a-farm-ontario-banner-1024x1024.jpg 1024w, https:\/\/ontarionewfarmer.ca\/wp-content\/uploads\/2026\/01\/how-to-start-a-farm-ontario-banner-150x150.jpg 150w, https:\/\/ontarionewfarmer.ca\/wp-content\/uploads\/2026\/01\/how-to-start-a-farm-ontario-banner.jpg 1080w\" sizes=\"(max-width: 768px) 100vw, 768px\" \/>\t\t\t\t\t\t\t\t\t\t\t\t\t\t\t<\/div>\n\t\t\t\t<\/div>\n\t\t\t\t\t<\/div>\n\t\t\t\t<\/div>\n\t\t\t\t<\/div>\n\t\t","protected":false},"excerpt":{"rendered":"<p>Comment d\u00e9marrer une exploitation agricole Ressources provinciales Extrait de Farms At Work : D\u00e9marrage d&rsquo;une entreprise agricole en Ontario D\u00e9marrer une exploitation agricole n&rsquo;est pas une mince affaire : il faut du courage, de l&rsquo;engagement et de la r\u00e9silience. La courbe d&rsquo;apprentissage peut sembler abrupte et les d\u00e9fis sont r\u00e9els. Mais vous n&rsquo;\u00eates pas seul. [&hellip;]<\/p>\n","protected":false},"author":2,"featured_media":0,"parent":0,"menu_order":0,"comment_status":"closed","ping_status":"closed","template":"","meta":{"footnotes":""},"class_list":["post-931","page","type-page","status-publish","hentry"],"_links":{"self":[{"href":"https:\/\/ontarionewfarmer.ca\/fr\/wp-json\/wp\/v2\/pages\/931","targetHints":{"allow":["GET"]}}],"collection":[{"href":"https:\/\/ontarionewfarmer.ca\/fr\/wp-json\/wp\/v2\/pages"}],"about":[{"href":"https:\/\/ontarionewfarmer.ca\/fr\/wp-json\/wp\/v2\/types\/page"}],"author":[{"embeddable":true,"href":"https:\/\/ontarionewfarmer.ca\/fr\/wp-json\/wp\/v2\/users\/2"}],"replies":[{"embeddable":true,"href":"https:\/\/ontarionewfarmer.ca\/fr\/wp-json\/wp\/v2\/comments?post=931"}],"version-history":[{"count":5,"href":"https:\/\/ontarionewfarmer.ca\/fr\/wp-json\/wp\/v2\/pages\/931\/revisions"}],"predecessor-version":[{"id":1056,"href":"https:\/\/ontarionewfarmer.ca\/fr\/wp-json\/wp\/v2\/pages\/931\/revisions\/1056"}],"wp:attachment":[{"href":"https:\/\/ontarionewfarmer.ca\/fr\/wp-json\/wp\/v2\/media?parent=931"}],"curies":[{"name":"wp","href":"https:\/\/api.w.org\/{rel}","templated":true}]}}